{"id":1157,"date":"2017-10-26T13:17:27","date_gmt":"2017-10-26T13:17:27","guid":{"rendered":"http:\/\/silicon.8guild.com\/?page_id=1157"},"modified":"2021-03-18T15:33:34","modified_gmt":"2021-03-18T14:33:34","slug":"enterprise-software-development","status":"publish","type":"page","link":"https:\/\/deliatechnologies.eu\/","title":{"rendered":"Accueil"},"content":{"rendered":"<p>[vc_row offset_top=&#8221;180&#8243; layout=&#8221;full&#8221; is_no_gap=&#8221;enable&#8221; animation=&#8221;&#8221; class=&#8221;padding-top-2x padding-bottom-5x&#8221;][vc_column animation=&#8221;&#8221;][rev_slider_vc alias=&#8221;slider1&#8243;][\/vc_column][\/vc_row][vc_row offset_top=&#8221;180&#8243; animation=&#8221;&#8221; class=&#8221;padding-top-3x custom-bg-position&#8221; css=&#8221;.vc_custom_1509452225037{background-image: url(http:\/\/silicon.8guild.com\/wp-content\/uploads\/2017\/10\/enterprise_bg_01.jpg?id=1213) !important;}&#8221;][vc_column animation=&#8221;&#8221;][vc_column_text animation=&#8221;&#8221; class=&#8221;margin-bottom-2x&#8221;]<\/p>\n<h2>Que faisons nous ?<\/h2>\n<p>[\/vc_column_text][vc_row_inner animation=&#8221;&#8221;][vc_column_inner width=&#8221;1\/6&#8243; animation=&#8221;&#8221; offset=&#8221;vc_col-lg-4 vc_col-md-4&#8243; class=&#8221;padding-bottom-3x&#8221;][vc_single_image shape=&#8221;rounded&#8221; animation=&#8221;&#8221; image=&#8221;1293&#8243; class=&#8221;block-center&#8221;][vc_column_text animation=&#8221;&#8221; class=&#8221;padding-top-1x&#8221;]<\/p>\n<h3 style=\"text-align: center;\">Robotique industrielle<\/h3>\n<p>[\/vc_column_text][\/vc_column_inner][vc_column_inner width=&#8221;1\/6&#8243; animation=&#8221;&#8221; offset=&#8221;vc_col-lg-4 vc_col-md-4&#8243; class=&#8221;padding-bottom-3x&#8221; css=&#8221;.vc_custom_1563706858264{margin-left: 250px !important;}&#8221;][vc_single_image shape=&#8221;rounded&#8221; animation=&#8221;&#8221; image=&#8221;1297&#8243; class=&#8221;block-center&#8221;][vc_column_text animation=&#8221;&#8221; class=&#8221;padding-top-1x&#8221;]<\/p>\n<h3 style=\"text-align: center;\">Protection incendie<\/h3>\n<p>[\/vc_column_text][\/vc_column_inner][\/vc_row_inner][vc_column_text animation=&#8221;&#8221; class=&#8221;margin-bottom-2x&#8221;]<\/p>\n<h2>Nos comp\u00e9tences<\/h2>\n<p>[\/vc_column_text][vc_row_inner animation=&#8221;&#8221; class=&#8221;padding-bottom-3x&#8221;][vc_column_inner animation=&#8221;&#8221; offset=&#8221;vc_col-md-4&#8243;]<div class=\"progress progress-dark\">\n    <h4 class=\"progress-bar-label\">Dimensionnement de votre projet &nbsp; &mdash; &nbsp; 100%<\/h4>\n    <div class=\"progress-bar\">\n        <span class=\"rails background-primary\" style=\"\" data-progress-value=\"100\"><\/span>\n    <\/div>\n<\/div><div class=\"progress progress-dark\">\n    <h4 class=\"progress-bar-label\">Protection incendie industrielle &nbsp; &mdash; &nbsp; 100%<\/h4>\n    <div class=\"progress-bar\">\n        <span class=\"rails background-primary\" style=\"\" data-progress-value=\"100\"><\/span>\n    <\/div>\n<\/div>[\/vc_column_inner][vc_column_inner animation=&#8221;&#8221; offset=&#8221;vc_col-md-4&#8243;]<div class=\"progress progress-dark\">\n    <h4 class=\"progress-bar-label\">Protection incendie cuisine &nbsp; &mdash; &nbsp; 100%<\/h4>\n    <div class=\"progress-bar\">\n        <span class=\"rails background-primary\" style=\"\" data-progress-value=\"100\"><\/span>\n    <\/div>\n<\/div><div class=\"progress progress-dark\">\n    <h4 class=\"progress-bar-label\">Protection incendie camion &nbsp; &mdash; &nbsp; 100%<\/h4>\n    <div class=\"progress-bar\">\n        <span class=\"rails background-primary\" style=\"\" data-progress-value=\"100\"><\/span>\n    <\/div>\n<\/div>[\/vc_column_inner][vc_column_inner animation=&#8221;&#8221; offset=&#8221;vc_col-md-4&#8243;]<div class=\"progress progress-dark\">\n    <h4 class=\"progress-bar-label\">Robotique industrielle &nbsp; &mdash; &nbsp; 100%<\/h4>\n    <div class=\"progress-bar\">\n        <span class=\"rails background-primary\" style=\"\" data-progress-value=\"100\"><\/span>\n    <\/div>\n<\/div><div class=\"progress progress-dark\">\n    <h4 class=\"progress-bar-label\">Service Apr\u00e8s Vente &nbsp; &mdash; &nbsp; 100%<\/h4>\n    <div class=\"progress-bar\">\n        <span class=\"rails background-primary\" style=\"\" data-progress-value=\"100\"><\/span>\n    <\/div>\n<\/div>[\/vc_column_inner][\/vc_row_inner][\/vc_column][\/vc_row][vc_row offset_top=&#8221;180&#8243; animation=&#8221;&#8221; css=&#8221;.vc_custom_1509452429451{background: #f2f2f2 url(http:\/\/silicon.8guild.com\/wp-content\/uploads\/2017\/10\/enterprise_bg.jpg?id=1222) !important;}&#8221; class=&#8221;padding-top-3x padding-bottom-4x&#8221;][vc_column animation=&#8221;&#8221;][vc_column_text animation=&#8221;&#8221; class=&#8221;margin-bottom-2x&#8221;]<\/p>\n<h2>Notre mani\u00e8re de travailler<\/h2>\n<p>[\/vc_column_text][vc_row_inner animation=&#8221;&#8221; class=&#8221;padding-bottom-3x&#8221;][vc_column_inner width=&#8221;1\/3&#8243; animation=&#8221;&#8221;]<div class=\"step step-simple step-dark\">\n    \n    <h3 class=\"step-digit\">01<\/h3>\n    \n    <div class=\"step-body\">\n        <h3 class=\"step-title\">Discutons<\/h3>\n        <p class=\"step-text\">Ensemble, d\u00e9finissons vos besoins tout en respectant votre budget et votre cahier des charges<\/p>\n    <\/div>\n<\/div>[\/vc_column_inner][vc_column_inner width=&#8221;1\/3&#8243; animation=&#8221;&#8221;]<div class=\"step step-simple step-dark\">\n    \n    <h3 class=\"step-digit\">02<\/h3>\n    \n    <div class=\"step-body\">\n        <h3 class=\"step-title\">R\u00e9alisation<\/h3>\n        <p class=\"step-text\">Notre bureau d&#8217;\u00e9tude con\u00e7oit la meilleure solution technique adapt\u00e9e \u00e0 vos besoins<\/p>\n    <\/div>\n<\/div>[\/vc_column_inner][vc_column_inner width=&#8221;1\/3&#8243; animation=&#8221;&#8221;]<div class=\"step step-simple step-dark\">\n    \n    <h3 class=\"step-digit\">03<\/h3>\n    \n    <div class=\"step-body\">\n        <h3 class=\"step-title\">R\u00e9sultat<\/h3>\n        <p class=\"step-text\">Profitez ainsi d&#8217;une solution technique sur-mesure avec un service apr\u00e8s vente performant<\/p>\n    <\/div>\n<\/div>[\/vc_column_inner][\/vc_row_inner][vc_row_inner animation=&#8221;&#8221; css=&#8221;.vc_custom_1502456436908{background-color: #ffffff !important;}&#8221; class=&#8221;padding-top-3x padding-bottom-3x custom-bordered-row&#8221;][vc_column_inner animation=&#8221;&#8221;][vc_column_text animation=&#8221;&#8221; class=&#8221;margin-bottom-2x&#8221;]<\/p>\n<h2 style=\"text-align: center;\"><span class=\"text-huge text-primary\">Transformez vos id\u00e9es en une r\u00e9alit\u00e9 !<\/span><\/h2>\n<p>[\/vc_column_text]<div class=\"text-center\"><a href=\"http:\/\/deliatechnologies.eu\/?page_id=357\" title=\"Contact\" class=\"btn btn-ghost btn-pill btn-primary btn-nl\">Parlons de votre projet !<\/a><\/div>[\/vc_column_inner][\/vc_row_inner][\/vc_column][\/vc_row][vc_row offset_top=&#8221;180&#8243; animation=&#8221;&#8221; class=&#8221;padding-top-3x padding-bottom-3x&#8221;][vc_column animation=&#8221;&#8221;][vc_column_text animation=&#8221;&#8221; class=&#8221;margin-bottom-2x&#8221;]<\/p>\n<h2>Nos points forts<\/h2>\n<p>[\/vc_column_text]<div class=\"si-justified-grid\"><div class=\"si-justified-row\">\n<div class=\"si-justified-item border-default-left border-default-top border-dark\">\n    <a class=\"si-logos-item\" href=\"http:\/\/deliatechnologies.eu\/wp-content\/uploads\/2019\/07\/certificat-ANSUL.pdf\">\n        <div class=\"si-logos-img\">\n            <img width=\"200\" height=\"200\" src=\"https:\/\/deliatechnologies.eu\/wp-content\/uploads\/2019\/07\/2ansul.jpg\" class=\"attachment-medium size-medium\" alt=\"\" loading=\"lazy\" srcset=\"https:\/\/deliatechnologies.eu\/wp-content\/uploads\/2019\/07\/2ansul.jpg 200w, https:\/\/deliatechnologies.eu\/wp-content\/uploads\/2019\/07\/2ansul-150x150.jpg 150w\" sizes=\"(max-width: 200px) 100vw, 200px\" \/>\n        <\/div>\n        <div class=\"si-logos-info\">\n            <h4 class=\"si-logos-title\">ANSUL<\/h4>\n            <p class=\"text-gray\">Agr\u00e9\u00e9s par ANSUL pour la protection incendie des cuisines, des camions et des industries<\/p>\n        <\/div>\n    <\/a>\n<\/div>\n<div class=\"si-justified-item border-default-left border-default-top border-dark\">\n    <div class=\"si-logos-item\">\n        <div class=\"si-logos-img\">\n            <img width=\"270\" height=\"202\" src=\"https:\/\/deliatechnologies.eu\/wp-content\/uploads\/2019\/07\/LOGO_MARQUE-NF.png\" class=\"attachment-medium size-medium\" alt=\"\" loading=\"lazy\" \/>\n        <\/div>\n        <div class=\"si-logos-info\">\n            <h4 class=\"si-logos-title\">NF EN 16282-7<\/h4>\n            <p class=\"text-gray\">Nos appliquons la norme NF EN 16282-7<\/p>\n        <\/div>\n    <\/div>\n<\/div><\/div><\/div>[\/vc_column][\/vc_row][vc_row offset_top=&#8221;180&#8243; animation=&#8221;&#8221; class=&#8221;padding-bottom-3x&#8221;][vc_column animation=&#8221;&#8221;][vc_column_text animation=&#8221;&#8221; class=&#8221;margin-bottom-2x&#8221;]<\/p>\n<h2>Ce que nos clients disent<\/h2>\n<p>[\/vc_column_text]<div class=\"testimonials-carousel owl-carousel carousel-with-dots carousel-dark\" data-si-carousel='{\"nav\":false,\"dots\":true,\"loop\":false,\"autoplay\":true,\"autoplayTimeout\":4000,\"margin\":30,\"autoHeight\":false,\"responsive\":{\"0\":{\"items\":1},\"768\":{\"items\":2},\"991\":{\"items\":3},\"1200\":{\"items\":3}}}'><div class=\"testimonial testimonial-left border-default\">\n    <span class=\"quote-mark background-dark\">\n        <i class=\"si si-quote\"><\/i>\n    <\/span>\n\n    <p>Nous avons \u00e9t\u00e9 tr\u00e8s surpris par la rapidit\u00e9 d&#8217;\u00e9valuation de notre projet, nous permettant ainsi d&#8217;ouvrir notre restaurant dans les temps<\/p>\n    <div class=\"testimonial-author\"><div class=\"testimonial-author-info\"><h4 class=\"testimonial-author-name\">Jade<\/h4><h5 class=\"testimonial-author-position text-gray\">G\u00e9rante de restaurant<\/h5><\/div><\/div>\n<\/div><div class=\"testimonial testimonial-left border-default\">\n    <span class=\"quote-mark background-dark\">\n        <i class=\"si si-quote\"><\/i>\n    <\/span>\n\n    <p>Nous avons fait appel \u00e0 Delia Technologies afin d&#8217;automatiser notre ligne de production. Ce projet f\u00fbt une totale r\u00e9ussite et toutes nos questions ont obtenus une r\u00e9ponse tr\u00e8s rapidement<\/p>\n    <div class=\"testimonial-author\"><div class=\"testimonial-author-info\"><h4 class=\"testimonial-author-name\">Francois<\/h4><h5 class=\"testimonial-author-position text-gray\">Responsable cha\u00eene de production<\/h5><\/div><\/div>\n<\/div><\/div>[\/vc_column][\/vc_row][vc_row offset_top=&#8221;180&#8243; animation=&#8221;&#8221; class=&#8221;padding-top-3x padding-bottom-3x mobile-center custom-btn-position&#8221; css=&#8221;.vc_custom_1502453349343{background-color: #3d59f9 !important;}&#8221;][vc_column animation=&#8221;&#8221; offset=&#8221;vc_col-lg-9&#8243;][vc_column_text animation=&#8221;&#8221; class=&#8221;custom-title&#8221;]<\/p>\n<h2><span class=\"text-light\">Vous avez un projet ? Contactez-nous !<\/span><\/h2>\n<p>[\/vc_column_text][\/vc_column][vc_column animation=&#8221;&#8221; offset=&#8221;vc_col-lg-3&#8243;]<div class=\"text-right\"><a href=\"http:\/\/deliatechnologies.eu\/?page_id=357\" class=\"btn btn-solid btn-pill btn-default btn-nl mobile-center\">Contactez-nous !<\/a><\/div>[\/vc_column][\/vc_row]<\/p>\n","protected":false},"excerpt":{"rendered":"[vc_row offset_top=&#8221;180&#8243; layout=&#8221;full&#8221; is_no_gap=&#8221;enable&#8221; animation=&#8221;&#8221; class=&#8221;padding-top-2x padding-bottom-5x&#8221;][vc_column animation=&#8221;&#8221;][rev_slider_vc alias=&#8221;slider1&#8243;][\/vc_column][\/vc_row][vc_row offset_top=&#8221;180&#8243; animation=&#8221;&#8221; class=&#8221;padding-top-3x custom-bg-position&#8221; css=&#8221;.vc_custom_1509452225037{background-image: url(http:\/\/silicon.8guild.com\/wp-content\/uploads\/2017\/10\/enterprise_bg_01.jpg?id=1213) !important;}&#8221;][vc_column animation=&#8221;&#8221;][vc_column_text animation=&#8221;&#8221; class=&#8221;margin-bottom-2x&#8221;] Que faisons nous ? [\/vc_column_text][vc_row_inner animation=&#8221;&#8221;][vc_column_inner width=&#8221;1\/6&#8243; animation=&#8221;&#8221; offset=&#8221;vc_col-lg-4 vc_col-md-4&#8243; class=&#8221;padding-bottom-3x&#8221;][vc_single_image shape=&#8221;rounded&#8221; animation=&#8221;&#8221; image=&#8221;1293&#8243; class=&#8221;block-center&#8221;][vc_column_text animation=&#8221;&#8221; class=&#8221;padding-top-1x&#8221;] Robotique industrielle [\/vc_column_text][\/vc_column_inner][vc_column_inner width=&#8221;1\/6&#8243; animation=&#8221;&#8221; offset=&#8221;vc_col-lg-4 vc_col-md-4&#8243; class=&#8221;padding-bottom-3x&#8221; css=&#8221;.vc_custom_1563706858264{margin-left: 250px !important;}&#8221;][vc_single_image shape=&#8221;rounded&#8221; animation=&#8221;&#8221; image=&#8221;1297&#8243; class=&#8221;block-center&#8221;][vc_column_text animation=&#8221;&#8221; class=&#8221;padding-top-1x&#8221;] Protection incendie&#8230;\n","protected":false},"author":2,"featured_media":0,"parent":0,"menu_order":0,"comment_status":"closed","ping_status":"closed","template":"","meta":[],"_links":{"self":[{"href":"https:\/\/deliatechnologies.eu\/index.php?rest_route=\/wp\/v2\/pages\/1157"}],"collection":[{"href":"https:\/\/deliatechnologies.eu\/index.php?rest_route=\/wp\/v2\/pages"}],"about":[{"href":"https:\/\/deliatechnologies.eu\/index.php?rest_route=\/wp\/v2\/types\/page"}],"author":[{"embeddable":true,"href":"https:\/\/deliatechnologies.eu\/index.php?rest_route=\/wp\/v2\/users\/2"}],"replies":[{"embeddable":true,"href":"https:\/\/deliatechnologies.eu\/index.php?rest_route=%2Fwp%2Fv2%2Fcomments&post=1157"}],"version-history":[{"count":91,"href":"https:\/\/deliatechnologies.eu\/index.php?rest_route=\/wp\/v2\/pages\/1157\/revisions"}],"predecessor-version":[{"id":1404,"href":"https:\/\/deliatechnologies.eu\/index.php?rest_route=\/wp\/v2\/pages\/1157\/revisions\/1404"}],"wp:attachment":[{"href":"https:\/\/deliatechnologies.eu\/index.php?rest_route=%2Fwp%2Fv2%2Fmedia&parent=1157"}],"curies":[{"name":"wp","href":"https:\/\/api.w.org\/{rel}","templated":true}]}}